{"id":31,"date":"2017-12-25T20:39:18","date_gmt":"2017-12-25T20:39:18","guid":{"rendered":"http:\/\/neu.jusi-schnucken.de\/?page_id=31"},"modified":"2017-12-26T18:18:37","modified_gmt":"2017-12-26T17:18:37","slug":"ueber-uns","status":"publish","type":"page","link":"https:\/\/www.jusi-schnucken.de\/?page_id=31","title":{"rendered":"\u00dcber uns"},"content":{"rendered":"<p><strong>Wie alles begann<\/strong><\/p>\n<p>Im Sommer 2013 hat der Druck in der Industrie und der B\u00fcrojob zu einer endlosen Unzufriedenheit gef\u00fchrt.&nbsp; Der Wunsch nach einem Ausgleich wurde immer st\u00e4rker. Ich bewirtschaftete zwar ein paar Streuobstwiesen, aber 3 mal M\u00e4hen im Jahr und die Obsternte haben irgenwie nicht als Ausgleich gereicht.<\/p>\n<p>Da meine Frau auch reitet und unser \u00f6rtlicher <a href=\"http:\/\/www.albverein-kohlberg-kappis.de\" target=\"_blank\" rel=\"noopener\">Albverein <\/a> seit ein paar Jahren Ziegen h\u00e4lt kam ich auf die Idee, mir ein paar B\u00fccher \u00fcber Weidemanagement&nbsp; aus der B\u00fccherei zu holen.&nbsp;<\/p>\n<p>Alles eigentlich kein Grund, sich Schafe auf die Wiese zu stellen.<\/p>\n<p>Durch das zun\u00e4chst zuf\u00e4llige, dann aber auch gesuchte Zusammentreffen mit Schafhaltern in der Region wurde&nbsp; immer deutlicher:<\/p>\n<p><strong>Das ist es<\/strong>.<\/p>\n<p>Schafe machen zwar auch Arbeit und das t\u00e4glich. Der Vorteil liegt aber in der freien Zeiteinteilung. Man(n) muss nicht 3 mal t\u00e4glich raus wie mit einem Hund. Wenn es regnet kann die F\u00fctterungszeit auch mal um eine Stunde verschoben werden.&nbsp; Inzwischen war die ganze Familie begeistert. Es stellte sich dann noch die Frage nach der Rasse. Auch da haben wir dann mit erfahrenen Schafhaltern gesprochen.<\/p>\n<p>Das Resultat: <strong>Heidschnucken<\/strong>.<\/p>\n<p>Zum einen gibt es da rund um den Jusi schon zwei kleine Herden, auf deren Erfahrung wir z\u00e4hlen konnten,&nbsp; zum anderen sind diese Tiere nicht ganz so schwer, wie die \u00fcblichen Merino-Schafe. Das erleichtert die Klauenpflege und Impfungen, sowie die sonstige Handhabung ungemein.<\/p>\n<p><strong>So sind dann <\/strong><\/p>\n<p>zum Jahreswechsel 2013\/2014 die ersten Heidschnucken bei uns eingezogen. Inzwischen sind es 8 Mutterschafe, unser Bock der regelm\u00e4\u00dfig f\u00fcr Nachwuchs sorgt und unser Hammel Lausbub, unser erstes Flaschenlamm.<\/p>\n<p>Warten wir mal ab, was die Zukunft so bringt. Auf der Startseite berichten wir immer wieder aktuell.<\/p>\n","protected":false},"excerpt":{"rendered":"<p>Wie alles begann Im Sommer 2013 hat der Druck in der Industrie und der B\u00fcrojob zu einer endlosen Unzufriedenheit gef\u00fchrt.&nbsp; Der Wunsch nach einem Ausgleich wurde immer st\u00e4rker. Ich bewirtschaftete zwar ein paar Streuobstwiesen, aber 3 mal M\u00e4hen im Jahr und die Obsternte haben irgenwie nicht als Ausgleich gereicht. Da meine Frau auch reitet und &hellip; <\/p>\n<p class=\"link-more\"><a href=\"https:\/\/www.jusi-schnucken.de\/?page_id=31\" class=\"more-link\"><span class=\"screen-reader-text\">\u201e\u00dcber uns\u201c<\/span> weiterlesen<\/a><\/p>\n","protected":false},"author":1,"featured_media":0,"parent":0,"menu_order":0,"comment_status":"closed","ping_status":"closed","template":"","meta":{"ngg_post_thumbnail":0},"_links":{"self":[{"href":"https:\/\/www.jusi-schnucken.de\/index.php?rest_route=\/wp\/v2\/pages\/31"}],"collection":[{"href":"https:\/\/www.jusi-schnucken.de\/index.php?rest_route=\/wp\/v2\/pages"}],"about":[{"href":"https:\/\/www.jusi-schnucken.de\/index.php?rest_route=\/wp\/v2\/types\/page"}],"author":[{"embeddable":true,"href":"https:\/\/www.jusi-schnucken.de\/index.php?rest_route=\/wp\/v2\/users\/1"}],"replies":[{"embeddable":true,"href":"https:\/\/www.jusi-schnucken.de\/index.php?rest_route=%2Fwp%2Fv2%2Fcomments&post=31"}],"version-history":[{"count":7,"href":"https:\/\/www.jusi-schnucken.de\/index.php?rest_route=\/wp\/v2\/pages\/31\/revisions"}],"predecessor-version":[{"id":506,"href":"https:\/\/www.jusi-schnucken.de\/index.php?rest_route=\/wp\/v2\/pages\/31\/revisions\/506"}],"wp:attachment":[{"href":"https:\/\/www.jusi-schnucken.de\/index.php?rest_route=%2Fwp%2Fv2%2Fmedia&parent=31"}],"curies":[{"name":"wp","href":"https:\/\/api.w.org\/{rel}","templated":true}]}}